{"id":241,"date":"2025-08-26T09:09:48","date_gmt":"2025-08-26T09:09:48","guid":{"rendered":"https:\/\/beziehungszeit.ch\/imprint\/"},"modified":"2025-10-13T06:58:29","modified_gmt":"2025-10-13T06:58:29","slug":"imprint","status":"publish","type":"page","link":"https:\/\/beziehungszeit.ch\/en\/imprint\/","title":{"rendered":"Imprint"},"content":{"rendered":"<p><div class=\"fusion-fullwidth fullwidth-box fusion-builder-row-1 fusion-flex-container has-pattern-background has-mask-background hundred-percent-fullwidth non-hundred-percent-height-scrolling\" style=\"--awb-border-radius-top-left:0px;--awb-border-radius-top-right:0px;--awb-border-radius-bottom-right:0px;--awb-border-radius-bottom-left:0px;--awb-padding-right:10%;--awb-padding-left:10%;--awb-min-height:500px;--awb-flex-wrap:wrap;\" ><div class=\"fusion-builder-row fusion-row fusion-flex-align-items-flex-start fusion-flex-content-wrap\" style=\"width:104% !important;max-width:104% !important;margin-left: calc(-4% \/ 2 );margin-right: calc(-4% \/ 2 );\"><div class=\"fusion-layout-column fusion_builder_column fusion-builder-column-0 fusion_builder_column_1_1 1_1 fusion-flex-column fusion-flex-align-self-center\" style=\"--awb-bg-size:cover;--awb-width-large:100%;--awb-margin-top-large:0px;--awb-spacing-right-large:1.92%;--awb-margin-bottom-large:20px;--awb-spacing-left-large:1.92%;--awb-width-medium:100%;--awb-order-medium:0;--awb-spacing-right-medium:1.92%;--awb-spacing-left-medium:1.92%;--awb-width-small:100%;--awb-order-small:0;--awb-spacing-right-small:1.92%;--awb-spacing-left-small:1.92%;\"><div class=\"fusion-column-wrapper fusion-column-has-shadow fusion-flex-justify-content-flex-start fusion-content-layout-column\"><div class=\"fusion-separator\" style=\"align-self: flex-start;margin-right:auto;width:100%;max-width:150px;\"><div class=\"fusion-separator-border sep-single sep-solid\" style=\"--awb-height:20px;--awb-amount:20px;--awb-sep-color:var(--awb-color1);border-color:var(--awb-color1);border-top-width:4px;\"><\/div><\/div><div class=\"fusion-title title fusion-title-1 fusion-sep-none fusion-title-text fusion-title-size-one\"><h1 class=\"fusion-title-heading title-heading-left fusion-responsive-typography-calculated\" style=\"margin:0;--fontSize:90;line-height:var(--awb-typography1-line-height);\">Imprint<\/h1><\/div><\/div><\/div><\/div><\/div><div class=\"fusion-fullwidth fullwidth-box fusion-builder-row-2 fusion-flex-container has-pattern-background has-mask-background hundred-percent-fullwidth non-hundred-percent-height-scrolling\" style=\"--awb-border-radius-top-left:0px;--awb-border-radius-top-right:0px;--awb-border-radius-bottom-right:0px;--awb-border-radius-bottom-left:0px;--awb-padding-right:10%;--awb-padding-left:10%;--awb-flex-wrap:wrap;\" ><div class=\"fusion-builder-row fusion-row fusion-flex-align-items-flex-start fusion-flex-align-content-flex-end fusion-flex-content-wrap\" style=\"width:104% !important;max-width:104% !important;margin-left: calc(-4% \/ 2 );margin-right: calc(-4% \/ 2 );\"><div class=\"fusion-layout-column fusion_builder_column fusion-builder-column-1 fusion_builder_column_1_3 1_3 fusion-flex-column\" style=\"--awb-bg-size:cover;--awb-width-large:33.333333333333%;--awb-margin-top-large:0px;--awb-spacing-right-large:5.76%;--awb-margin-bottom-large:20px;--awb-spacing-left-large:5.76%;--awb-width-medium:33.333333333333%;--awb-order-medium:0;--awb-spacing-right-medium:5.76%;--awb-spacing-left-medium:5.76%;--awb-width-small:100%;--awb-order-small:0;--awb-spacing-right-small:1.92%;--awb-spacing-left-small:1.92%;\"><div class=\"fusion-column-wrapper fusion-column-has-shadow fusion-flex-justify-content-flex-start fusion-content-layout-column\"><div class=\"fusion-title title fusion-title-2 fusion-sep-none fusion-title-text fusion-title-size-four\"><h4 class=\"fusion-title-heading title-heading-left fusion-responsive-typography-calculated\" style=\"margin:0;--fontSize:50;line-height:var(--awb-typography2-line-height);\">Contact address<\/h4><\/div><div class=\"fusion-text fusion-text-1\"><p class=\"font_8 wixui-rich-text__text\"><g id=\"gid_0\">Practice Kinesiology Caviezel<\/g><br class=\"wixui-rich-text__text\">Schweighofstrasse 230<x id=\"gid_1\"><\/x><g id=\"gid_2\">CH-8045 Zurich<x id=\"gid_3\"><\/x><\/g>CHE-362.556.928<\/p>\n<\/div><\/div><\/div><div class=\"fusion-layout-column fusion_builder_column fusion-builder-column-2 fusion_builder_column_1_3 1_3 fusion-flex-column\" style=\"--awb-bg-size:cover;--awb-width-large:33.333333333333%;--awb-margin-top-large:0px;--awb-spacing-right-large:5.76%;--awb-margin-bottom-large:20px;--awb-spacing-left-large:5.76%;--awb-width-medium:33.333333333333%;--awb-order-medium:0;--awb-spacing-right-medium:5.76%;--awb-spacing-left-medium:5.76%;--awb-width-small:100%;--awb-order-small:0;--awb-spacing-right-small:1.92%;--awb-spacing-left-small:1.92%;\"><div class=\"fusion-column-wrapper fusion-column-has-shadow fusion-flex-justify-content-flex-start fusion-content-layout-column\"><div class=\"fusion-title title fusion-title-3 fusion-sep-none fusion-title-text fusion-title-size-four\"><h4 class=\"fusion-title-heading title-heading-left fusion-responsive-typography-calculated\" style=\"margin:0;--fontSize:50;line-height:var(--awb-typography2-line-height);\">Design<\/h4><\/div><div class=\"fusion-text fusion-text-2\"><p>Blackbird Design Agency<br \/>\nTriststrasse 10<br \/>\nCH-7000 Chur<br \/>\nCHE-114.063.728<\/p>\n<\/div><\/div><\/div><div class=\"fusion-layout-column fusion_builder_column fusion-builder-column-3 fusion_builder_column_1_3 1_3 fusion-flex-column\" style=\"--awb-bg-size:cover;--awb-width-large:33.333333333333%;--awb-margin-top-large:0px;--awb-spacing-right-large:5.76%;--awb-margin-bottom-large:20px;--awb-spacing-left-large:5.76%;--awb-width-medium:33.333333333333%;--awb-order-medium:0;--awb-spacing-right-medium:5.76%;--awb-spacing-left-medium:5.76%;--awb-width-small:100%;--awb-order-small:0;--awb-spacing-right-small:1.92%;--awb-spacing-left-small:1.92%;\"><div class=\"fusion-column-wrapper fusion-column-has-shadow fusion-flex-justify-content-flex-start fusion-content-layout-column\"><div class=\"fusion-title title fusion-title-4 fusion-sep-none fusion-title-text fusion-title-size-four\"><h4 class=\"fusion-title-heading title-heading-left fusion-responsive-typography-calculated\" style=\"margin:0;--fontSize:50;line-height:var(--awb-typography2-line-height);\">Web development<\/h4><\/div><div class=\"fusion-text fusion-text-3\"><p class=\"font_8 wixui-rich-text__text\">Digitag AG<br \/>\n<span class=\"wixui-rich-text__text\">R\u00fcfiweg 4<br \/>\nCH-7205 Zizers<br \/>\nCHE-107.360.316<\/span><\/p>\n<\/div><\/div><\/div><\/div><\/div><div class=\"fusion-fullwidth fullwidth-box fusion-builder-row-3 fusion-flex-container has-pattern-background has-mask-background hundred-percent-fullwidth non-hundred-percent-height-scrolling\" style=\"--awb-border-radius-top-left:0px;--awb-border-radius-top-right:0px;--awb-border-radius-bottom-right:0px;--awb-border-radius-bottom-left:0px;--awb-padding-right:10%;--awb-padding-left:10%;--awb-flex-wrap:wrap;\" ><div class=\"fusion-builder-row fusion-row fusion-flex-align-items-flex-start fusion-flex-align-content-flex-end fusion-flex-content-wrap\" style=\"width:104% !important;max-width:104% !important;margin-left: calc(-4% \/ 2 );margin-right: calc(-4% \/ 2 );\"><div class=\"fusion-layout-column fusion_builder_column fusion-builder-column-4 fusion_builder_column_1_1 1_1 fusion-flex-column\" style=\"--awb-bg-size:cover;--awb-width-large:100%;--awb-margin-top-large:0px;--awb-spacing-right-large:1.92%;--awb-margin-bottom-large:20px;--awb-spacing-left-large:1.92%;--awb-width-medium:100%;--awb-order-medium:0;--awb-spacing-right-medium:1.92%;--awb-spacing-left-medium:1.92%;--awb-width-small:100%;--awb-order-small:0;--awb-spacing-right-small:1.92%;--awb-spacing-left-small:1.92%;\"><div class=\"fusion-column-wrapper fusion-column-has-shadow fusion-flex-justify-content-flex-start fusion-content-layout-column\"><div class=\"fusion-title title fusion-title-5 fusion-sep-none fusion-title-text fusion-title-size-four\"><h4 class=\"fusion-title-heading title-heading-left fusion-responsive-typography-calculated\" style=\"margin:0;--fontSize:50;line-height:var(--awb-typography2-line-height);\">Disclaimer of liability<\/h4><\/div><div class=\"fusion-text fusion-text-4\"><p>The author assumes no liability whatsoever with regard to the correctness, accuracy, topicality, reliability, and completeness of the information.<\/p>\n<p>Liability claims against the author for damages of a material or immaterial nature arising from access to or use or non-use of the published information, through misuse of the connection or through technical faults, are excluded.<\/p>\n<p>All offers are non-binding. The author expressly reserves the right to change, supplement, or delete parts of the pages or the entire offer without prior notice or to discontinue publication temporarily or permanently.<\/p>\n<\/div><div class=\"fusion-title title fusion-title-6 fusion-sep-none fusion-title-text fusion-title-size-four\"><h4 class=\"fusion-title-heading title-heading-left fusion-responsive-typography-calculated\" style=\"margin:0;--fontSize:50;line-height:var(--awb-typography2-line-height);\">Liability for links<\/h4><\/div><div class=\"fusion-text fusion-text-5\"><p>References and links to websites of third parties are outside our area of responsibility. Any responsibility for such websites is rejected. Access to and use of such websites is at the user&#8217;s own risk.<\/p>\n<\/div><div class=\"fusion-title title fusion-title-7 fusion-sep-none fusion-title-text fusion-title-size-four\"><h4 class=\"fusion-title-heading title-heading-left fusion-responsive-typography-calculated\" style=\"margin:0;--fontSize:50;line-height:var(--awb-typography2-line-height);\">Copyrights<\/h4><\/div><div class=\"fusion-text fusion-text-6\"><p>The copyrights and all other rights to content, images, photos, or other files on the website belong exclusively to Praxis Kinesiologie Caviezel or the specifically named rights holders. For the reproduction of any elements, the written consent of the copyright holders must be obtained in advance.<\/p>\n<\/div><div class=\"fusion-title title fusion-title-8 fusion-sep-none fusion-title-text fusion-title-size-four\"><h4 class=\"fusion-title-heading title-heading-left fusion-responsive-typography-calculated\" style=\"margin:0;--fontSize:50;line-height:var(--awb-typography2-line-height);\">Privacy<\/h4><\/div><div class=\"fusion-text fusion-text-7\"><p>Based on Article 13 of the Swiss Federal Constitution and the data protection provisions of the Federal Government (Data Protection Act, DSG), every person has the right to protection of their privacy and protection against misuse of their personal data. We comply with these provisions. Personal data will be treated strictly confidentially and will not be sold or passed on to third parties.<\/p>\n<p>In close cooperation with our hosting providers, we endeavor to protect the databases as well as possible from external access, loss, misuse or falsification.<\/p>\n<p>When accessing our websites, the following data is stored in log files: IP address, date, time, browser request and general transmitted information about the operating system or Browser. These usage data form the basis for statistical, anonymous evaluations, so that trends can be identified, on the basis of which we can improve our offers accordingly.<\/p>\n<\/div><\/div><\/div><\/div><\/div><\/p>\n","protected":false},"excerpt":{"rendered":"","protected":false},"author":1,"featured_media":0,"parent":0,"menu_order":0,"comment_status":"closed","ping_status":"closed","template":"100-width.php","meta":{"footnotes":""},"class_list":["post-241","page","type-page","status-publish","hentry"],"yoast_head":"<!-- This site is optimized with the Yoast SEO Premium plugin v26.6 (Yoast SEO v26.6) - https:\/\/yoast.com\/wordpress\/plugins\/seo\/ -->\n<title>Imprint | Beziehungscoaching<\/title>\n<meta name=\"robots\" content=\"index, follow, max-snippet:-1, max-image-preview:large, max-video-preview:-1\" \/>\n<link rel=\"canonical\" href=\"https:\/\/beziehungszeit.ch\/en\/imprint\/\" \/>\n<meta property=\"og:locale\" content=\"en_US\" \/>\n<meta property=\"og:type\" content=\"article\" \/>\n<meta property=\"og:title\" content=\"Imprint\" \/>\n<meta property=\"og:url\" content=\"https:\/\/beziehungszeit.ch\/en\/imprint\/\" \/>\n<meta property=\"og:site_name\" content=\"Beziehungscoaching\" \/>\n<meta property=\"article:modified_time\" content=\"2025-10-13T06:58:29+00:00\" \/>\n<meta property=\"og:image\" content=\"https:\/\/beziehungszeit.ch\/wp-content\/uploads\/2026\/01\/BildFuerSocialMedia_Beziehungscoaching.webp\" \/>\n\t<meta property=\"og:image:width\" content=\"1201\" \/>\n\t<meta property=\"og:image:height\" content=\"676\" \/>\n\t<meta property=\"og:image:type\" content=\"image\/webp\" \/>\n<meta name=\"twitter:card\" content=\"summary_large_image\" \/>\n<meta name=\"twitter:label1\" content=\"Est. reading time\" \/>\n\t<meta name=\"twitter:data1\" content=\"19 minutes\" \/>\n<script type=\"application\/ld+json\" class=\"yoast-schema-graph\">{\"@context\":\"https:\/\/schema.org\",\"@graph\":[{\"@type\":\"WebPage\",\"@id\":\"https:\/\/beziehungszeit.ch\/en\/imprint\/\",\"url\":\"https:\/\/beziehungszeit.ch\/en\/imprint\/\",\"name\":\"Imprint | Beziehungscoaching\",\"isPartOf\":{\"@id\":\"https:\/\/beziehungszeit.ch\/en\/#website\"},\"datePublished\":\"2025-08-26T09:09:48+00:00\",\"dateModified\":\"2025-10-13T06:58:29+00:00\",\"breadcrumb\":{\"@id\":\"https:\/\/beziehungszeit.ch\/en\/imprint\/#breadcrumb\"},\"inLanguage\":\"en-US\",\"potentialAction\":[{\"@type\":\"ReadAction\",\"target\":[\"https:\/\/beziehungszeit.ch\/en\/imprint\/\"]}]},{\"@type\":\"BreadcrumbList\",\"@id\":\"https:\/\/beziehungszeit.ch\/en\/imprint\/#breadcrumb\",\"itemListElement\":[{\"@type\":\"ListItem\",\"position\":1,\"name\":\"Startseite\",\"item\":\"https:\/\/beziehungszeit.ch\/en\/beziehungszeit\/\"},{\"@type\":\"ListItem\",\"position\":2,\"name\":\"Imprint\"}]},{\"@type\":\"WebSite\",\"@id\":\"https:\/\/beziehungszeit.ch\/en\/#website\",\"url\":\"https:\/\/beziehungszeit.ch\/en\/\",\"name\":\"Paarberatung Z\u00fcrich\",\"description\":\"\",\"publisher\":{\"@id\":\"https:\/\/beziehungszeit.ch\/en\/#organization\"},\"alternateName\":\"Beziehungszeit\",\"potentialAction\":[{\"@type\":\"SearchAction\",\"target\":{\"@type\":\"EntryPoint\",\"urlTemplate\":\"https:\/\/beziehungszeit.ch\/en\/?s={search_term_string}\"},\"query-input\":{\"@type\":\"PropertyValueSpecification\",\"valueRequired\":true,\"valueName\":\"search_term_string\"}}],\"inLanguage\":\"en-US\"},{\"@type\":\"Organization\",\"@id\":\"https:\/\/beziehungszeit.ch\/en\/#organization\",\"name\":\"Beziehungscoaching\",\"url\":\"https:\/\/beziehungszeit.ch\/en\/\",\"logo\":{\"@type\":\"ImageObject\",\"inLanguage\":\"en-US\",\"@id\":\"https:\/\/beziehungszeit.ch\/en\/#\/schema\/logo\/image\/\",\"url\":\"https:\/\/beziehungszeit.ch\/wp-content\/uploads\/2025\/08\/Logo_Beziehungszeit.webp\",\"contentUrl\":\"https:\/\/beziehungszeit.ch\/wp-content\/uploads\/2025\/08\/Logo_Beziehungszeit.webp\",\"width\":519,\"height\":19,\"caption\":\"Beziehungscoaching\"},\"image\":{\"@id\":\"https:\/\/beziehungszeit.ch\/en\/#\/schema\/logo\/image\/\"},\"description\":\"Beziehungszeit in Z\u00fcrich mit Flurin Caviezel bietet professionelle Paarberatung & Beziehungs-Coaching. Gemeinsam Kommunikationsmuster verbessern, Bed\u00fcrfnisse kl\u00e4ren und Krisen meistern. Neutral, empathisch und l\u00f6sungsorientiert \u2013 Termin jetzt online buchen\",\"email\":\"info@praxis-zurich.ch\",\"telephone\":\"079 708 20 25\",\"legalName\":\"Praxis Kinesiologie Caviezel\",\"foundingDate\":\"2018-01-24\",\"vatID\":\"CHE-362.556.928\",\"taxID\":\"CH-350-1012185-2\",\"numberOfEmployees\":{\"@type\":\"QuantitativeValue\",\"minValue\":\"1\",\"maxValue\":\"10\"}}]}<\/script>\n<!-- \/ Yoast SEO Premium plugin. -->","yoast_head_json":{"title":"Imprint | Beziehungscoaching","robots":{"index":"index","follow":"follow","max-snippet":"max-snippet:-1","max-image-preview":"max-image-preview:large","max-video-preview":"max-video-preview:-1"},"canonical":"https:\/\/beziehungszeit.ch\/en\/imprint\/","og_locale":"en_US","og_type":"article","og_title":"Imprint","og_url":"https:\/\/beziehungszeit.ch\/en\/imprint\/","og_site_name":"Beziehungscoaching","article_modified_time":"2025-10-13T06:58:29+00:00","og_image":[{"width":1201,"height":676,"url":"https:\/\/beziehungszeit.ch\/wp-content\/uploads\/2026\/01\/BildFuerSocialMedia_Beziehungscoaching.webp","type":"image\/webp"}],"twitter_card":"summary_large_image","twitter_misc":{"Est. reading time":"19 minutes"},"schema":{"@context":"https:\/\/schema.org","@graph":[{"@type":"WebPage","@id":"https:\/\/beziehungszeit.ch\/en\/imprint\/","url":"https:\/\/beziehungszeit.ch\/en\/imprint\/","name":"Imprint | Beziehungscoaching","isPartOf":{"@id":"https:\/\/beziehungszeit.ch\/en\/#website"},"datePublished":"2025-08-26T09:09:48+00:00","dateModified":"2025-10-13T06:58:29+00:00","breadcrumb":{"@id":"https:\/\/beziehungszeit.ch\/en\/imprint\/#breadcrumb"},"inLanguage":"en-US","potentialAction":[{"@type":"ReadAction","target":["https:\/\/beziehungszeit.ch\/en\/imprint\/"]}]},{"@type":"BreadcrumbList","@id":"https:\/\/beziehungszeit.ch\/en\/imprint\/#breadcrumb","itemListElement":[{"@type":"ListItem","position":1,"name":"Startseite","item":"https:\/\/beziehungszeit.ch\/en\/beziehungszeit\/"},{"@type":"ListItem","position":2,"name":"Imprint"}]},{"@type":"WebSite","@id":"https:\/\/beziehungszeit.ch\/en\/#website","url":"https:\/\/beziehungszeit.ch\/en\/","name":"Paarberatung Z\u00fcrich","description":"","publisher":{"@id":"https:\/\/beziehungszeit.ch\/en\/#organization"},"alternateName":"Beziehungszeit","potentialAction":[{"@type":"SearchAction","target":{"@type":"EntryPoint","urlTemplate":"https:\/\/beziehungszeit.ch\/en\/?s={search_term_string}"},"query-input":{"@type":"PropertyValueSpecification","valueRequired":true,"valueName":"search_term_string"}}],"inLanguage":"en-US"},{"@type":"Organization","@id":"https:\/\/beziehungszeit.ch\/en\/#organization","name":"Beziehungscoaching","url":"https:\/\/beziehungszeit.ch\/en\/","logo":{"@type":"ImageObject","inLanguage":"en-US","@id":"https:\/\/beziehungszeit.ch\/en\/#\/schema\/logo\/image\/","url":"https:\/\/beziehungszeit.ch\/wp-content\/uploads\/2025\/08\/Logo_Beziehungszeit.webp","contentUrl":"https:\/\/beziehungszeit.ch\/wp-content\/uploads\/2025\/08\/Logo_Beziehungszeit.webp","width":519,"height":19,"caption":"Beziehungscoaching"},"image":{"@id":"https:\/\/beziehungszeit.ch\/en\/#\/schema\/logo\/image\/"},"description":"Beziehungszeit in Z\u00fcrich mit Flurin Caviezel bietet professionelle Paarberatung & Beziehungs-Coaching. Gemeinsam Kommunikationsmuster verbessern, Bed\u00fcrfnisse kl\u00e4ren und Krisen meistern. Neutral, empathisch und l\u00f6sungsorientiert \u2013 Termin jetzt online buchen","email":"info@praxis-zurich.ch","telephone":"079 708 20 25","legalName":"Praxis Kinesiologie Caviezel","foundingDate":"2018-01-24","vatID":"CHE-362.556.928","taxID":"CH-350-1012185-2","numberOfEmployees":{"@type":"QuantitativeValue","minValue":"1","maxValue":"10"}}]}},"_links":{"self":[{"href":"https:\/\/beziehungszeit.ch\/en\/wp-json\/wp\/v2\/pages\/241","targetHints":{"allow":["GET"]}}],"collection":[{"href":"https:\/\/beziehungszeit.ch\/en\/wp-json\/wp\/v2\/pages"}],"about":[{"href":"https:\/\/beziehungszeit.ch\/en\/wp-json\/wp\/v2\/types\/page"}],"author":[{"embeddable":true,"href":"https:\/\/beziehungszeit.ch\/en\/wp-json\/wp\/v2\/users\/1"}],"replies":[{"embeddable":true,"href":"https:\/\/beziehungszeit.ch\/en\/wp-json\/wp\/v2\/comments?post=241"}],"version-history":[{"count":3,"href":"https:\/\/beziehungszeit.ch\/en\/wp-json\/wp\/v2\/pages\/241\/revisions"}],"predecessor-version":[{"id":244,"href":"https:\/\/beziehungszeit.ch\/en\/wp-json\/wp\/v2\/pages\/241\/revisions\/244"}],"wp:attachment":[{"href":"https:\/\/beziehungszeit.ch\/en\/wp-json\/wp\/v2\/media?parent=241"}],"curies":[{"name":"wp","href":"https:\/\/api.w.org\/{rel}","templated":true}]}}